{"id":20008,"date":"2020-12-07T12:08:38","date_gmt":"2020-12-07T11:08:38","guid":{"rendered":"https:\/\/blog.fanpagekarma.com\/?page_id=20008"},"modified":"2021-12-17T11:30:51","modified_gmt":"2021-12-17T10:30:51","slug":"annual-report-2021","status":"publish","type":"page","link":"https:\/\/blog.fanpagekarma.com\/es\/annual-report-2021\/","title":{"rendered":"Informe Anual 2021 de tus perfiles en social media"},"content":{"rendered":"\n<figure class=\"wp-block-image alignwide size-large\"><img loading=\"lazy\" decoding=\"async\" width=\"1024\" height=\"179\" src=\"data:image\/gif;base64,R0lGODlhAQABAAAAACH5BAEKAAEALAAAAAABAAEAAAICTAEAOw==\" data-src=\"https:\/\/blog.fanpagekarma.com\/wp-content\/uploads\/2021\/12\/blog-article-header-ES-1024x179.png\" alt=\"DETALLES DEL ADJUNTO\" class=\"wp-image-21782 lazyload\" data-sizes=\"auto\" data-srcset=\"https:\/\/blog.fanpagekarma.com\/wp-content\/uploads\/2021\/12\/blog-article-header-ES-1024x179.png 1024w, https:\/\/blog.fanpagekarma.com\/wp-content\/uploads\/2021\/12\/blog-article-header-ES-768x135.png 768w, https:\/\/blog.fanpagekarma.com\/wp-content\/uploads\/2021\/12\/blog-article-header-ES-1536x269.png 1536w, https:\/\/blog.fanpagekarma.com\/wp-content\/uploads\/2021\/12\/blog-article-header-ES-2048x359.png 2048w, https:\/\/blog.fanpagekarma.com\/wp-content\/uploads\/2021\/12\/blog-article-header-ES-770x135.png 770w, https:\/\/blog.fanpagekarma.com\/wp-content\/uploads\/2021\/12\/blog-article-header-ES-385x67.png 385w, https:\/\/blog.fanpagekarma.com\/wp-content\/uploads\/2021\/12\/blog-article-header-ES-1540x270.png 1540w, https:\/\/blog.fanpagekarma.com\/wp-content\/uploads\/2021\/12\/blog-article-header-ES-20x4.png 20w\" sizes=\"auto, (max-width: 1024px) 100vw, 1024px\" \/><\/figure>\n\n\n\n<div style=\"height:50px\" aria-hidden=\"true\" class=\"wp-block-spacer\"><\/div>\n\n\n\n<p style=\"font-size:25px\"><span style=\"font-weight: 400;\">Un a\u00f1o lleno de acontecimientos est\u00e1 llegando a su fin y es momento de echar una mirada hacia atr\u00e1s. \u00a1Resumimos tu a\u00f1o en las redes sociales 2021 y celebramos tus logros! Ahora puedes obtener tu <\/span><b><a href=\"https:\/\/www.fanpagekarma.com\/es\/annualreport\" target=\"_blank\" rel=\"noopener\">Informe Anual de tus perfiles de Instagram y Facebook gratis<\/a><\/b><span style=\"font-weight: 400;\">.<\/span><\/p>\n\n\n\n<div style=\"height:50px\" aria-hidden=\"true\" class=\"wp-block-spacer\"><\/div>\n\n\n\n<p style=\"font-size:25px\">\u00a1El informe de fin de a\u00f1o te dice<\/p>\n\n\n\n<ul class=\"wp-block-list\" style=\"font-size:25px\"><li>c\u00f3mo se desarroll\u00f3 el crecimiento de tus perfiles!<\/li><li>la eficacia de tu contenido y los resultados frente a tu audiencia!<\/li><li>el crecimiento de tus impresiones!<\/li><li>cu\u00e1les fueron las publicaciones top del a\u00f1o!<\/li><li>todos tus logros en una sola vista! <\/li><\/ul>\n\n\n\n<div style=\"height:50px\" aria-hidden=\"true\" class=\"wp-block-spacer\"><\/div>\n\n\n\n<figure class=\"wp-block-gallery has-nested-images columns-default is-cropped wp-block-gallery-1 is-layout-flex wp-block-gallery-is-layout-flex\">\n<figure class=\"wp-block-image size-large\"><img loading=\"lazy\" decoding=\"async\" width=\"2050\" height=\"1134\" data-id=\"21801\" src=\"data:image\/gif;base64,R0lGODlhAQABAAAAACH5BAEKAAEALAAAAAABAAEAAAICTAEAOw==\" data-src=\"https:\/\/blog.fanpagekarma.com\/wp-content\/uploads\/2021\/12\/Bildschirmfoto-2021-12-06-um-11.25.29.png\" alt=\"Annual Report 2021\" class=\"wp-image-21801 lazyload\" data-sizes=\"auto\" data-srcset=\"https:\/\/blog.fanpagekarma.com\/wp-content\/uploads\/2021\/12\/Bildschirmfoto-2021-12-06-um-11.25.29.png 2050w, https:\/\/blog.fanpagekarma.com\/wp-content\/uploads\/2021\/12\/Bildschirmfoto-2021-12-06-um-11.25.29-1024x566.png 1024w, https:\/\/blog.fanpagekarma.com\/wp-content\/uploads\/2021\/12\/Bildschirmfoto-2021-12-06-um-11.25.29-768x425.png 768w, https:\/\/blog.fanpagekarma.com\/wp-content\/uploads\/2021\/12\/Bildschirmfoto-2021-12-06-um-11.25.29-1536x850.png 1536w, https:\/\/blog.fanpagekarma.com\/wp-content\/uploads\/2021\/12\/Bildschirmfoto-2021-12-06-um-11.25.29-2048x1133.png 2048w, https:\/\/blog.fanpagekarma.com\/wp-content\/uploads\/2021\/12\/Bildschirmfoto-2021-12-06-um-11.25.29-770x426.png 770w, https:\/\/blog.fanpagekarma.com\/wp-content\/uploads\/2021\/12\/Bildschirmfoto-2021-12-06-um-11.25.29-20x11.png 20w, https:\/\/blog.fanpagekarma.com\/wp-content\/uploads\/2021\/12\/Bildschirmfoto-2021-12-06-um-11.25.29-385x213.png 385w, https:\/\/blog.fanpagekarma.com\/wp-content\/uploads\/2021\/12\/Bildschirmfoto-2021-12-06-um-11.25.29-1540x852.png 1540w\" sizes=\"auto, (max-width: 2050px) 100vw, 2050px\" \/><\/figure>\n\n\n\n<figure class=\"wp-block-image size-large\"><img loading=\"lazy\" decoding=\"async\" width=\"2052\" height=\"1148\" data-id=\"21804\" src=\"data:image\/gif;base64,R0lGODlhAQABAAAAACH5BAEKAAEALAAAAAABAAEAAAICTAEAOw==\" data-src=\"https:\/\/blog.fanpagekarma.com\/wp-content\/uploads\/2021\/12\/Bildschirmfoto-2021-12-06-um-11.27.28.png\" alt=\"Annual Report 2021\" class=\"wp-image-21804 lazyload\" data-sizes=\"auto\" data-srcset=\"https:\/\/blog.fanpagekarma.com\/wp-content\/uploads\/2021\/12\/Bildschirmfoto-2021-12-06-um-11.27.28.png 2052w, https:\/\/blog.fanpagekarma.com\/wp-content\/uploads\/2021\/12\/Bildschirmfoto-2021-12-06-um-11.27.28-1024x573.png 1024w, https:\/\/blog.fanpagekarma.com\/wp-content\/uploads\/2021\/12\/Bildschirmfoto-2021-12-06-um-11.27.28-768x430.png 768w, https:\/\/blog.fanpagekarma.com\/wp-content\/uploads\/2021\/12\/Bildschirmfoto-2021-12-06-um-11.27.28-1536x859.png 1536w, https:\/\/blog.fanpagekarma.com\/wp-content\/uploads\/2021\/12\/Bildschirmfoto-2021-12-06-um-11.27.28-2048x1146.png 2048w, https:\/\/blog.fanpagekarma.com\/wp-content\/uploads\/2021\/12\/Bildschirmfoto-2021-12-06-um-11.27.28-770x431.png 770w, https:\/\/blog.fanpagekarma.com\/wp-content\/uploads\/2021\/12\/Bildschirmfoto-2021-12-06-um-11.27.28-20x11.png 20w, https:\/\/blog.fanpagekarma.com\/wp-content\/uploads\/2021\/12\/Bildschirmfoto-2021-12-06-um-11.27.28-385x215.png 385w, https:\/\/blog.fanpagekarma.com\/wp-content\/uploads\/2021\/12\/Bildschirmfoto-2021-12-06-um-11.27.28-1540x862.png 1540w\" sizes=\"auto, (max-width: 2052px) 100vw, 2052px\" \/><\/figure>\n\n\n\n<figure class=\"wp-block-image size-large\"><img loading=\"lazy\" decoding=\"async\" width=\"2050\" height=\"1156\" data-id=\"21807\" src=\"data:image\/gif;base64,R0lGODlhAQABAAAAACH5BAEKAAEALAAAAAABAAEAAAICTAEAOw==\" data-src=\"https:\/\/blog.fanpagekarma.com\/wp-content\/uploads\/2021\/12\/Bildschirmfoto-2021-12-06-um-11.28.37.png\" alt=\"Annual Report 2021\" class=\"wp-image-21807 lazyload\" data-sizes=\"auto\" data-srcset=\"https:\/\/blog.fanpagekarma.com\/wp-content\/uploads\/2021\/12\/Bildschirmfoto-2021-12-06-um-11.28.37.png 2050w, https:\/\/blog.fanpagekarma.com\/wp-content\/uploads\/2021\/12\/Bildschirmfoto-2021-12-06-um-11.28.37-1024x577.png 1024w, https:\/\/blog.fanpagekarma.com\/wp-content\/uploads\/2021\/12\/Bildschirmfoto-2021-12-06-um-11.28.37-768x433.png 768w, https:\/\/blog.fanpagekarma.com\/wp-content\/uploads\/2021\/12\/Bildschirmfoto-2021-12-06-um-11.28.37-1536x866.png 1536w, https:\/\/blog.fanpagekarma.com\/wp-content\/uploads\/2021\/12\/Bildschirmfoto-2021-12-06-um-11.28.37-2048x1155.png 2048w, https:\/\/blog.fanpagekarma.com\/wp-content\/uploads\/2021\/12\/Bildschirmfoto-2021-12-06-um-11.28.37-770x434.png 770w, https:\/\/blog.fanpagekarma.com\/wp-content\/uploads\/2021\/12\/Bildschirmfoto-2021-12-06-um-11.28.37-20x11.png 20w, https:\/\/blog.fanpagekarma.com\/wp-content\/uploads\/2021\/12\/Bildschirmfoto-2021-12-06-um-11.28.37-385x217.png 385w, https:\/\/blog.fanpagekarma.com\/wp-content\/uploads\/2021\/12\/Bildschirmfoto-2021-12-06-um-11.28.37-1540x868.png 1540w\" sizes=\"auto, (max-width: 2050px) 100vw, 2050px\" \/><\/figure>\n<\/figure>\n\n\n\n<div style=\"height:50px\" aria-hidden=\"true\" class=\"wp-block-spacer\"><\/div>\n\n\n\n<p style=\"font-size:25px\"><span style=\"font-weight: 400;\">Basada en las m\u00e9tricas m\u00e1s importantes, la <\/span><b>presentaci\u00f3n de PowerPoint <\/b><span style=\"font-weight: 400;\">te muestra c\u00f3mo se desempe\u00f1aron tus perfiles de Instagram o de Facebook en este 2021.<\/span><\/p>\n\n\n\n<div style=\"height:50px\" aria-hidden=\"true\" class=\"wp-block-spacer\"><\/div>\n\n\n\n<div class=\"wp-block-buttons is-horizontal is-content-justification-center is-layout-flex wp-container-core-buttons-is-layout-1 wp-block-buttons-is-layout-flex\">\n<div class=\"wp-block-button\"><a class=\"wp-block-button__link has-background\" href=\"https:\/\/www.fanpagekarma.com\/es\/annualreport\" style=\"background-color:#5b95ff\" target=\"_blank\" rel=\"noopener\">CREAR AHORA<\/a><\/div>\n<\/div>\n\n\n\n<div style=\"height:50px\" aria-hidden=\"true\" class=\"wp-block-spacer\"><\/div>\n\n\n\n<p style=\"font-size:25px\">El Informe Anual te ofrece un dise\u00f1o atractivo para compartir perfectamente con tus colegas y clientes. \u00a1Presenta tus logros del a\u00f1o 2021!<\/p>\n\n\n\n<div style=\"height:50px\" aria-hidden=\"true\" class=\"wp-block-spacer\"><\/div>\n","protected":false},"excerpt":{"rendered":"<p>Un a\u00f1o lleno de acontecimientos est\u00e1 llegando a su fin y es momento de echar una mirada hacia atr\u00e1s. \u00a1Resumimos tu a\u00f1o en las redes sociales 2021 y celebramos tus logros! Ahora puedes obtener tu Informe Anual de tus perfiles de Instagram y Facebook gratis. \u00a1El informe de fin de a\u00f1o te dice c\u00f3mo se&hellip;<\/p>\n","protected":false},"author":2,"featured_media":21841,"parent":0,"menu_order":0,"comment_status":"closed","ping_status":"closed","template":"page-default.php","meta":{"ngg_post_thumbnail":0,"footnotes":""},"class_list":["post-20008","page","type-page","status-publish","has-post-thumbnail","hentry"],"_links":{"self":[{"href":"https:\/\/blog.fanpagekarma.com\/es\/wp-json\/wp\/v2\/pages\/20008","targetHints":{"allow":["GET"]}}],"collection":[{"href":"https:\/\/blog.fanpagekarma.com\/es\/wp-json\/wp\/v2\/pages"}],"about":[{"href":"https:\/\/blog.fanpagekarma.com\/es\/wp-json\/wp\/v2\/types\/page"}],"author":[{"embeddable":true,"href":"https:\/\/blog.fanpagekarma.com\/es\/wp-json\/wp\/v2\/users\/2"}],"replies":[{"embeddable":true,"href":"https:\/\/blog.fanpagekarma.com\/es\/wp-json\/wp\/v2\/comments?post=20008"}],"version-history":[{"count":8,"href":"https:\/\/blog.fanpagekarma.com\/es\/wp-json\/wp\/v2\/pages\/20008\/revisions"}],"predecessor-version":[{"id":21810,"href":"https:\/\/blog.fanpagekarma.com\/es\/wp-json\/wp\/v2\/pages\/20008\/revisions\/21810"}],"wp:featuredmedia":[{"embeddable":true,"href":"https:\/\/blog.fanpagekarma.com\/es\/wp-json\/wp\/v2\/media\/21841"}],"wp:attachment":[{"href":"https:\/\/blog.fanpagekarma.com\/es\/wp-json\/wp\/v2\/media?parent=20008"}],"curies":[{"name":"wp","href":"https:\/\/api.w.org\/{rel}","templated":true}]}}